{"id":490,"date":"2025-06-24T18:29:31","date_gmt":"2025-06-24T16:29:31","guid":{"rendered":"https:\/\/spainlgbti.com\/?page_id=490"},"modified":"2025-10-07T12:36:53","modified_gmt":"2025-10-07T10:36:53","slug":"sobre-nosotros","status":"publish","type":"page","link":"https:\/\/spainlgbti.com\/us\/sobre-nosotros\/","title":{"rendered":"Our history"},"content":{"rendered":"<h1 class=\"wp-block-heading has-text-align-center\">What is the LGBTI Experiences Guide to Tourism Spain?<\/h1>\n\n\n\n<hr class=\"wp-block-separator has-alpha-channel-opacity\"\/>\n\n\n\n<p class=\"has-text-align-center translation-block\">The <strong>Spain LGBTI Travel Experiences Guide<\/strong> was created with a clear mission: To make Spain the destination of choice for <strong>LGBTIQ+<\/strong> people from around the world. We believe in <strong>inclusive, authentic, and transformative tourism<\/strong>, where every experience celebrates diversity and every traveler feels truly welcome.<\/p>\n\n\n\n<p class=\"has-text-align-center\">This initiative is driven by collaboration among <strong>institutions, businesses, and communities<\/strong> committed to equality, sustainability, and innovation. From vibrant cities to charming rural getaways, we connect destinations that offer <strong>genuine hospitality<\/strong>, respect for identity, and a diverse cultural and leisure offering.<\/p>\n\n\n\n<p class=\"has-text-align-center\"><br><\/p>\n\n\n\n<hr class=\"wp-block-separator has-alpha-channel-opacity\"\/>\n\n\n\n<p><\/p>\n\n\n\n<div class=\"wp-block-columns is-layout-flex wp-container-core-columns-is-layout-9d6595d7 wp-block-columns-is-layout-flex\">\n<div class=\"wp-block-column is-layout-flow wp-block-column-is-layout-flow\">\n<figure class=\"wp-block-image size-full\"><img loading=\"lazy\" decoding=\"async\" width=\"663\" height=\"443\" src=\"https:\/\/spainlgbti.com\/wp-content\/uploads\/2025\/09\/Captura-de-pantalla-2025-05-29-a-las-11.54.35-1.png\" alt=\"\" class=\"wp-image-979\" srcset=\"https:\/\/spainlgbti.com\/wp-content\/uploads\/2025\/09\/Captura-de-pantalla-2025-05-29-a-las-11.54.35-1.png 663w, https:\/\/spainlgbti.com\/wp-content\/uploads\/2025\/09\/Captura-de-pantalla-2025-05-29-a-las-11.54.35-1-300x200.png 300w\" sizes=\"auto, (max-width: 663px) 100vw, 663px\" \/><\/figure>\n<\/div>\n\n\n\n<div class=\"wp-block-column is-layout-flow wp-block-column-is-layout-flow\">\n<figure class=\"wp-block-image size-full\"><img loading=\"lazy\" decoding=\"async\" width=\"971\" height=\"644\" src=\"https:\/\/spainlgbti.com\/wp-content\/uploads\/2025\/09\/Captura-de-pantalla-2025-05-29-a-las-11.52.39.png\" alt=\"\" class=\"wp-image-980\" srcset=\"https:\/\/spainlgbti.com\/wp-content\/uploads\/2025\/09\/Captura-de-pantalla-2025-05-29-a-las-11.52.39.png 971w, https:\/\/spainlgbti.com\/wp-content\/uploads\/2025\/09\/Captura-de-pantalla-2025-05-29-a-las-11.52.39-300x199.png 300w, https:\/\/spainlgbti.com\/wp-content\/uploads\/2025\/09\/Captura-de-pantalla-2025-05-29-a-las-11.52.39-768x509.png 768w\" sizes=\"auto, (max-width: 971px) 100vw, 971px\" \/><\/figure>\n<\/div>\n<\/div>\n\n\n\n<hr class=\"wp-block-separator has-alpha-channel-opacity\"\/>\n\n\n\n<p class=\"has-text-align-center\">Our platform and official guide open the doors to a Spain that is open, proud, and constantly evolving. We invite you to explore unique landscapes, creative experiences, unforgettable events and, above all, people who celebrate the right to be, live, and travel freely.<\/p>\n\n\n\n<p class=\"has-text-align-center\"><strong>&nbsp;Travel is an act of freedom. And in Spain, freedom is celebrated.<\/strong><\/p>\n\n\n\n<figure class=\"wp-block-image size-large is-resized\"><img loading=\"lazy\" decoding=\"async\" width=\"1024\" height=\"88\" src=\"https:\/\/spainlgbti.com\/wp-content\/uploads\/2025\/10\/Logos-Queer-sin-fondo-1024x88.png\" alt=\"\" class=\"wp-image-1042\" style=\"width:1140px;height:auto\" srcset=\"https:\/\/spainlgbti.com\/wp-content\/uploads\/2025\/10\/Logos-Queer-sin-fondo-1024x88.png 1024w, https:\/\/spainlgbti.com\/wp-content\/uploads\/2025\/10\/Logos-Queer-sin-fondo-300x26.png 300w, https:\/\/spainlgbti.com\/wp-content\/uploads\/2025\/10\/Logos-Queer-sin-fondo-768x66.png 768w, https:\/\/spainlgbti.com\/wp-content\/uploads\/2025\/10\/Logos-Queer-sin-fondo-1536x133.png 1536w, https:\/\/spainlgbti.com\/wp-content\/uploads\/2025\/10\/Logos-Queer-sin-fondo-2048x177.png 2048w, https:\/\/spainlgbti.com\/wp-content\/uploads\/2025\/10\/Logos-Queer-sin-fondo-18x2.png 18w\" sizes=\"auto, (max-width: 1024px) 100vw, 1024px\" \/><\/figure>\n\n\n\n<p><\/p>","protected":false},"excerpt":{"rendered":"<p>\u00bfEn qu\u00e9 consiste la Gu\u00eda de Experiencias LGBTI Turismo Espa\u00f1a? La Gu\u00eda de Experiencias LGBTI Turismo Espa\u00f1a nace de la uni\u00f3n de organizaciones y empresas que comparten un mismo compromiso: hacer de Espa\u00f1a un destino l\u00edder en turismo inclusivo. El proyecto est\u00e1 liderado por Queer Destinations, referente internacional en hospitalidad diversa, y cuenta con la [&hellip;]<\/p>","protected":false},"author":1,"featured_media":0,"parent":0,"menu_order":0,"comment_status":"closed","ping_status":"closed","template":"","meta":{"footnotes":""},"class_list":["post-490","page","type-page","status-publish","hentry"],"_links":{"self":[{"href":"https:\/\/spainlgbti.com\/us\/wp-json\/wp\/v2\/pages\/490","targetHints":{"allow":["GET"]}}],"collection":[{"href":"https:\/\/spainlgbti.com\/us\/wp-json\/wp\/v2\/pages"}],"about":[{"href":"https:\/\/spainlgbti.com\/us\/wp-json\/wp\/v2\/types\/page"}],"author":[{"embeddable":true,"href":"https:\/\/spainlgbti.com\/us\/wp-json\/wp\/v2\/users\/1"}],"replies":[{"embeddable":true,"href":"https:\/\/spainlgbti.com\/us\/wp-json\/wp\/v2\/comments?post=490"}],"version-history":[{"count":18,"href":"https:\/\/spainlgbti.com\/us\/wp-json\/wp\/v2\/pages\/490\/revisions"}],"predecessor-version":[{"id":1043,"href":"https:\/\/spainlgbti.com\/us\/wp-json\/wp\/v2\/pages\/490\/revisions\/1043"}],"wp:attachment":[{"href":"https:\/\/spainlgbti.com\/us\/wp-json\/wp\/v2\/media?parent=490"}],"curies":[{"name":"wp","href":"https:\/\/api.w.org\/{rel}","templated":true}]}}