{"id":686,"date":"2025-08-03T03:59:40","date_gmt":"2025-08-03T01:59:40","guid":{"rendered":"https:\/\/spainlgbti.com\/?page_id=686"},"modified":"2026-02-04T12:14:38","modified_gmt":"2026-02-04T11:14:38","slug":"contacto","status":"publish","type":"page","link":"https:\/\/spainlgbti.com\/us\/contacto\/","title":{"rendered":"Contact"},"content":{"rendered":"<p><\/p>\n\n\n\n<h3 class=\"wp-block-heading has-text-align-center\"><strong style=\"font-size:48px\"><strong>Let's build a more diverse and inclusive tourism, we want to hear from you!<\/strong><\/strong><\/h3>\n\n\n\n<h4 class=\"wp-block-heading has-text-align-center\">D\u00e9janos tus datos en el formulario o escr\u00edbenos a <a href=\"mailto:contact@spainlgbti.com\"><span style=\"text-decoration: underline;\">contact@spainlgbti.com<\/span><\/a> y nuestro equipo se pondr\u00e1 en contacto contigo muy pronto.<\/h4>\n\n\n\n<p class=\"has-text-align-center\"><\/p>\n\n\n\n<p><\/p>\n\n\n\n<div class=\"wp-block-columns columnas-centro-vertical is-layout-flex wp-container-core-columns-is-layout-9d6595d7 wp-block-columns-is-layout-flex\">\n<div class=\"wp-block-column is-layout-flow wp-block-column-is-layout-flow\">\n<script charset=\"utf-8\" type=\"text\/javascript\" src=\"\/\/js.hsforms.net\/forms\/embed\/v2.js\"><\/script>\n<script>\n  hbspt.forms.create({\n    portalId: \"7284499\",\n    formId: \"8d6b26af-2855-4893-b975-09c420b39de9\",\n    region: \"na1\"\n  });\n<\/script>\n\n\n\n<p><\/p>\n\n\n\n<p><\/p>\n<\/div>\n<\/div>\n\n\n\n<p><\/p>","protected":false},"excerpt":{"rendered":"<p>Construyamos un turismo m\u00e1s diverso e inclusivo. \u00a1Queremos escucharte! D\u00e9janos tus datos en el formulario o escr\u00edbenos a contact@spainlgbti.com y nuestro equipo se pondr\u00e1 en contacto contigo muy pronto.<\/p>","protected":false},"author":1,"featured_media":1613,"parent":0,"menu_order":0,"comment_status":"closed","ping_status":"closed","template":"","meta":{"footnotes":""},"class_list":["post-686","page","type-page","status-publish","has-post-thumbnail","hentry"],"_links":{"self":[{"href":"https:\/\/spainlgbti.com\/us\/wp-json\/wp\/v2\/pages\/686","targetHints":{"allow":["GET"]}}],"collection":[{"href":"https:\/\/spainlgbti.com\/us\/wp-json\/wp\/v2\/pages"}],"about":[{"href":"https:\/\/spainlgbti.com\/us\/wp-json\/wp\/v2\/types\/page"}],"author":[{"embeddable":true,"href":"https:\/\/spainlgbti.com\/us\/wp-json\/wp\/v2\/users\/1"}],"replies":[{"embeddable":true,"href":"https:\/\/spainlgbti.com\/us\/wp-json\/wp\/v2\/comments?post=686"}],"version-history":[{"count":55,"href":"https:\/\/spainlgbti.com\/us\/wp-json\/wp\/v2\/pages\/686\/revisions"}],"predecessor-version":[{"id":1650,"href":"https:\/\/spainlgbti.com\/us\/wp-json\/wp\/v2\/pages\/686\/revisions\/1650"}],"wp:featuredmedia":[{"embeddable":true,"href":"https:\/\/spainlgbti.com\/us\/wp-json\/wp\/v2\/media\/1613"}],"wp:attachment":[{"href":"https:\/\/spainlgbti.com\/us\/wp-json\/wp\/v2\/media?parent=686"}],"curies":[{"name":"wp","href":"https:\/\/api.w.org\/{rel}","templated":true}]}}